{"id":99,"date":"2014-06-21T16:49:36","date_gmt":"2014-06-21T16:49:36","guid":{"rendered":"http:\/\/ankaraizcileri.com\/?page_id=99"},"modified":"2022-04-21T13:31:17","modified_gmt":"2022-04-21T13:31:17","slug":"izci-selami-ve-tokalasma","status":"publish","type":"page","link":"https:\/\/ankaraizcileri.com\/?page_id=99","title":{"rendered":"\u0130zci Selam\u0131 ve Tokala\u015fma"},"content":{"rendered":"<pre><strong>\u0130zci Selam\u0131n\u0131n Anlam\u0131<\/strong><\/pre>\n<p>Orta parmak; Tanr\u0131ya, vatan\u0131ma kar\u015f\u0131 g\u00f6revlerimi yerine getirece\u011fim, y\u00fcz\u00fck parma\u011f\u0131; \u0130zcilik t\u00fcresine uyaca\u011f\u0131m, i\u015faret parma\u011f\u0131; ba\u015fkalar\u0131na her zaman yard\u0131mda bulunaca\u011f\u0131m s\u00f6zlerini temsil eder. K\u00fc\u00e7\u00fck parma\u011f\u0131n alt\u0131nda olmas\u0131 k\u00fc\u00e7\u00fcklerin b\u00fcy\u00fcklerini sayd\u0131\u011f\u0131n\u0131, b\u00fcy\u00fck parma\u011f\u0131n k\u00fc\u00e7\u00fck parma\u011f\u0131n \u00fcst\u00fcnde olmas\u0131 ise b\u00fcy\u00fcklerin k\u00fc\u00e7\u00fckleri korudu\u011funu anlat\u0131r. B\u00fcy\u00fck parmakla k\u00fc\u00e7\u00fck parma\u011f\u0131n birle\u015fmesi ile olu\u015fan halka d\u00fcnya izcilerinin karde\u015fli\u011fini simgeler.<\/p>\n<p>\u0130zci Selam\u0131<\/p>\n<p>\u0130zci selam\u0131nda birbirine biti\u015ftirilen \u00fc\u00e7 parmak ayn\u0131 \u0130zci Selam\u0131 zamanda \u0130zcilik Hareketinin Temel Prensipleri olan Tanr\u0131ya Kar\u015f\u0131 G\u00f6rev, Ba\u015fkalar\u0131na Kar\u015f\u0131 G\u00f6rev ve Kendine Kar\u015f\u0131 G\u00f6rev&#8217;in simgesidir.<\/p>\n<pre><strong>\u0130z<\/strong>ci Sel\u00e2m\u0131<\/pre>\n<p>\u0130zci selam\u0131 izci and\u0131n\u0131n tekrar\u0131d\u0131r ve sa\u011f elle verilir. Her bir parmak and\u0131n ve t\u00fcrenin maddelerine i\u015faret eder.<\/p>\n<p>\u00a0<\/p>\n<pre><span style=\"color: #000000;\"><strong>\u0130ZC\u0130 TOKASI<\/strong><\/span><\/pre>\n<p>Tokala\u015fma iki ki\u015finin birbirleriyle tan\u0131\u015fmaktan duyduklar\u0131 mutlulu\u011fu g\u00f6sterir. B\u00fct\u00fcn d\u00fcnyada tokala\u015fma sa\u011f elle yap\u0131l\u0131r. Ancak izciler di\u011fer izci karde\u015fleriyle tokala\u015ft\u0131\u011f\u0131nda sol eliyle tokala\u015f\u0131r.<\/p>\n<p>D\u00fcnyadaki t\u00fcm izciler sol elleri ile tokala\u015f\u0131rlar. Bunun nedenleri vard\u0131r. \u0130zciler tokala\u015f\u0131rken selam verme zorundad\u0131r. Bu nedenle sa\u011f elleriyle selam verirken sol elleriyle tokala\u015fabilirler. Ayr\u0131ca sol el kalbe daha yak\u0131n oldu\u011fundan bir i\u00e7tenlik ve dostluk g\u00f6stergesidir.<\/p>\n\n\n<figure class=\"wp-block-image is-resized\"><img loading=\"lazy\" src=\"http:\/\/ankaraizcileri.com\/wp-content\/uploads\/2022\/04\/izci-selami-2-e1650290789499.jpg\" alt=\"\" class=\"wp-image-2484\" width=\"103\" height=\"166\"\/><\/figure>\n\n\n\n<p>Parmaklar\u0131n anlamlar\u0131:<\/p>\n\n\n\n<pre class=\"wp-block-preformatted\">1. Ba\u015fkalar\u0131na her zaman yard\u0131mda bulunmak.<\/pre>\n\n\n\n<pre class=\"wp-block-preformatted\">2. \u0130zcilik t\u00fcresine uymak.<\/pre>\n\n\n\n<pre class=\"wp-block-preformatted\">3. Tanr\u0131ya ve vatana kar\u015f\u0131 g\u00f6revleri yerine getirmek.<\/pre>\n\n\n\n<pre class=\"wp-block-preformatted\">4. K\u00fc\u00e7\u00fcklerin b\u00fcy\u00fcklere olan sayg\u0131 ve ba\u011fl\u0131l\u0131\u011f\u0131.<\/pre>\n\n\n\n<pre class=\"wp-block-preformatted\">5. B\u00fcy\u00fcklerin k\u00fc\u00e7\u00fckleri sevmesi ve korumas\u0131.<\/pre>\n\n\n\n<pre class=\"wp-block-preformatted\">6. T\u00fcm d\u00fcnya izcilerinin karde\u015f oldu\u011fu ve kopmaz bir ba\u011f ile birbirlerine kenetlenmesi<\/pre>\n\n\n\n<p>B\u00fcy\u00fck izci selam\u0131nda kol, g\u00f6vde ve dirsek 90 derecelik a\u00e7\u0131lar&nbsp;olu\u015ftururlar. K\u00fc\u00e7\u00fck izci selam\u0131nda \u00fcst kol g\u00f6vdeye biti\u015fik, alt kol ise g\u00f6vdeye paraleldir.<\/p>\n","protected":false},"excerpt":{"rendered":"<p>\u0130zci Selam\u0131n\u0131n Anlam\u0131 Orta parmak; Tanr\u0131ya, vatan\u0131ma kar\u015f\u0131 g\u00f6revlerimi yerine getirece\u011fim, y\u00fcz\u00fck parma\u011f\u0131; \u0130zcilik t\u00fcresine uyaca\u011f\u0131m, i\u015faret parma\u011f\u0131; ba\u015fkalar\u0131na her zaman yard\u0131mda bulunaca\u011f\u0131m s\u00f6zlerini temsil eder. K\u00fc\u00e7\u00fck parma\u011f\u0131n alt\u0131nda olmas\u0131 [&hellip;]<\/p>\n","protected":false},"author":1,"featured_media":0,"parent":0,"menu_order":-1,"comment_status":"open","ping_status":"open","template":"","meta":[],"_links":{"self":[{"href":"https:\/\/ankaraizcileri.com\/index.php?rest_route=\/wp\/v2\/pages\/99"}],"collection":[{"href":"https:\/\/ankaraizcileri.com\/index.php?rest_route=\/wp\/v2\/pages"}],"about":[{"href":"https:\/\/ankaraizcileri.com\/index.php?rest_route=\/wp\/v2\/types\/page"}],"author":[{"embeddable":true,"href":"https:\/\/ankaraizcileri.com\/index.php?rest_route=\/wp\/v2\/users\/1"}],"replies":[{"embeddable":true,"href":"https:\/\/ankaraizcileri.com\/index.php?rest_route=%2Fwp%2Fv2%2Fcomments&post=99"}],"version-history":[{"count":9,"href":"https:\/\/ankaraizcileri.com\/index.php?rest_route=\/wp\/v2\/pages\/99\/revisions"}],"predecessor-version":[{"id":2491,"href":"https:\/\/ankaraizcileri.com\/index.php?rest_route=\/wp\/v2\/pages\/99\/revisions\/2491"}],"wp:attachment":[{"href":"https:\/\/ankaraizcileri.com\/index.php?rest_route=%2Fwp%2Fv2%2Fmedia&parent=99"}],"curies":[{"name":"wp","href":"https:\/\/api.w.org\/{rel}","templated":true}]}}