{"id":951,"date":"2015-08-22T16:09:21","date_gmt":"2015-08-22T16:09:21","guid":{"rendered":"http:\/\/ankaraizcileri.com\/?page_id=951"},"modified":"2017-02-14T15:54:42","modified_gmt":"2017-02-14T15:54:42","slug":"2015-etkinliklerimiz","status":"publish","type":"page","link":"https:\/\/ankaraizcileri.com\/?page_id=951","title":{"rendered":"Etkinliklerimiz"},"content":{"rendered":"<p><a href=\"http:\/\/ankaraizcileri.com\/wp-content\/uploads\/2017\/02\/d\u00fc\u015f\u00fcnce-g\u00fcn\u00fc.jpg\"><img loading=\"lazy\" class=\"aligncenter size-medium wp-image-1711\" src=\"http:\/\/ankaraizcileri.com\/wp-content\/uploads\/2017\/02\/d\u00fc\u015f\u00fcnce-g\u00fcn\u00fc-300x300.jpg\" alt=\"dusunce-gunu\" width=\"300\" height=\"300\" srcset=\"https:\/\/ankaraizcileri.com\/wp-content\/uploads\/2017\/02\/d\u00fc\u015f\u00fcnce-g\u00fcn\u00fc-300x300.jpg 300w, https:\/\/ankaraizcileri.com\/wp-content\/uploads\/2017\/02\/d\u00fc\u015f\u00fcnce-g\u00fcn\u00fc-150x150.jpg 150w, https:\/\/ankaraizcileri.com\/wp-content\/uploads\/2017\/02\/d\u00fc\u015f\u00fcnce-g\u00fcn\u00fc-144x144.jpg 144w, https:\/\/ankaraizcileri.com\/wp-content\/uploads\/2017\/02\/d\u00fc\u015f\u00fcnce-g\u00fcn\u00fc-36x36.jpg 36w, https:\/\/ankaraizcileri.com\/wp-content\/uploads\/2017\/02\/d\u00fc\u015f\u00fcnce-g\u00fcn\u00fc-350x350.jpg 350w, https:\/\/ankaraizcileri.com\/wp-content\/uploads\/2017\/02\/d\u00fc\u015f\u00fcnce-g\u00fcn\u00fc.jpg 480w\" sizes=\"(max-width: 300px) 100vw, 300px\" \/><\/a>D\u00fcnya \u0130zci D\u00fc\u015f\u00fcnce G\u00fcn\u00fc<\/p>\n<p>\u0130zci D\u00fc\u015f\u00fcnce G\u00fcn\u00fc Etkinli\u011fimiz 18 \u015eubat 2017 Cumartesi G\u00fcn\u00fc yap\u0131lacakt\u0131r. Bu Etkinli\u011fe \u0130zcilier, \u0130zci Liderleri ve izci velilerimiz kat\u0131labileceklerdir. Etkinli\u011fimiz yemeklli olaca\u011f\u0131ndan 13 \u015eubat tarihine kadar kesin say\u0131lar\u0131n bildirlmesi \u00f6nemlidir.<\/p>\n","protected":false},"excerpt":{"rendered":"<p>D\u00fcnya \u0130zci D\u00fc\u015f\u00fcnce G\u00fcn\u00fc \u0130zci D\u00fc\u015f\u00fcnce G\u00fcn\u00fc Etkinli\u011fimiz 18 \u015eubat 2017 Cumartesi G\u00fcn\u00fc yap\u0131lacakt\u0131r. Bu Etkinli\u011fe \u0130zcilier, \u0130zci Liderleri ve izci velilerimiz kat\u0131labileceklerdir. Etkinli\u011fimiz yemeklli olaca\u011f\u0131ndan 13 \u015eubat tarihine kadar [&hellip;]<\/p>\n","protected":false},"author":1,"featured_media":0,"parent":0,"menu_order":0,"comment_status":"open","ping_status":"open","template":"","meta":[],"_links":{"self":[{"href":"https:\/\/ankaraizcileri.com\/index.php?rest_route=\/wp\/v2\/pages\/951"}],"collection":[{"href":"https:\/\/ankaraizcileri.com\/index.php?rest_route=\/wp\/v2\/pages"}],"about":[{"href":"https:\/\/ankaraizcileri.com\/index.php?rest_route=\/wp\/v2\/types\/page"}],"author":[{"embeddable":true,"href":"https:\/\/ankaraizcileri.com\/index.php?rest_route=\/wp\/v2\/users\/1"}],"replies":[{"embeddable":true,"href":"https:\/\/ankaraizcileri.com\/index.php?rest_route=%2Fwp%2Fv2%2Fcomments&post=951"}],"version-history":[{"count":5,"href":"https:\/\/ankaraizcileri.com\/index.php?rest_route=\/wp\/v2\/pages\/951\/revisions"}],"predecessor-version":[{"id":1725,"href":"https:\/\/ankaraizcileri.com\/index.php?rest_route=\/wp\/v2\/pages\/951\/revisions\/1725"}],"wp:attachment":[{"href":"https:\/\/ankaraizcileri.com\/index.php?rest_route=%2Fwp%2Fv2%2Fmedia&parent=951"}],"curies":[{"name":"wp","href":"https:\/\/api.w.org\/{rel}","templated":true}]}}