{"id":84,"date":"2014-06-21T16:33:43","date_gmt":"2014-06-21T16:33:43","guid":{"rendered":"http:\/\/ankaraizcileri.com\/?page_id=84"},"modified":"2022-03-30T09:46:23","modified_gmt":"2022-03-30T09:46:23","slug":"izci-teknik-bilgileri","status":"publish","type":"page","link":"https:\/\/ankaraizcileri.com\/?page_id=84","title":{"rendered":"\u0130zcilik Teknik Bilgileri"},"content":{"rendered":"\n<p><strong>Teknik \u0130z \u0130\u015faretleri<\/strong><\/p>\n\n\n\n<p>Teknik iz i\u015faretlerinin izciler d\u0131\u015f\u0131nda ba\u015fkas\u0131 taraf\u0131ndan g\u00f6r\u00fclmemesi ve anla\u015f\u0131lmamas\u0131 gerekir. Bu i\u015faretler genlikle arazide kullan\u0131l\u0131rlar.<\/p>\n\n\n\n<p>\u0130z i\u015faretlerinin aras\u0131nda, da\u011f\u0131n\u0131k y\u00fcr\u00fcmekte yarar vard\u0131r. Yar\u0131m ay bi\u00e7iminde y\u00fcr\u00fcmelidir. Yar\u0131m ayin a\u00e7\u0131k k\u0131sm\u0131 y\u00fcr\u00fcnecek y\u00f6ne bakar. Lider ortadad\u0131r. \u0130zi bulan di\u011ferlerine bildirir. Bulunan izler ise deftere not edilir. Daha sonra izi b\u0131rakan grupla bulu\u015fuldu\u011funda kar\u015f\u0131la\u015ft\u0131r\u0131l\u0131r. Bu konuda bir\u00e7ok uygulama yapmakta fayda vard\u0131r. Yine i\u015faretler a\u00e7\u0131k se\u00e7ik anla\u015f\u0131labilir bi\u00e7imde olmal\u0131, ancak izci olmayan birisinin anlayamayaca\u011f\u0131 \u015fekilde olmal\u0131d\u0131r.<\/p>\n\n\n\n<figure class=\"wp-block-image is-resized is-style-default\"><img loading=\"lazy\" src=\"https:\/\/www.vildankoleji.com\/yuklenenler\/izcilik\/teknik_iz.jpg\" alt=\"\" width=\"413\" height=\"441\"\/><\/figure>\n\n\n\n<p><strong>\u0130zci D\u00fc\u011f\u00fcmleri<\/strong><\/p>\n\n\n\n<p>Her izci d\u00fc\u011f\u00fcm atmas\u0131n\u0131 bilmelidir. D\u00fc\u011f\u00fcm atma kolay gibi gelir, fakat onun da do\u011fru ve yanl\u0131\u015f yap\u0131l\u0131\u015f \u015fekilleri vard\u0131r.<\/p>\n\n\n\n<p>\u0130zciler do\u011fru d\u00fc\u011f\u00fcm atmas\u0131n\u0131 \u00f6\u011frenmelidirler. \u00c7\u00fcnk\u00fc s\u0131ras\u0131nda do\u011fru at\u0131lan bir d\u00fc\u011f\u00fcm can kurtar\u0131r. Bir d\u00fc\u011f\u00fcm ne kadar \u00e7ekilirse \u00e7ekilsin \u00e7\u00f6z\u00fclmez. Fakat siz kendiniz isterseniz onu kolayca \u00e7\u00f6zebilirsiniz. Yanl\u0131\u015f at\u0131lm\u0131\u015f bir d\u00fc\u011f\u00fcm ya kuvvetlice bir as\u0131l\u0131\u015fa dayanamay\u0131p \u00e7\u00f6z\u00fcl\u00fcr, ya da k\u00f6r d\u00fc\u011f\u00fcm olup a\u00e7\u0131lmak bilmez. Bir izci ip, \u00e7iviye nazaran \u00e7ok daha pratik ve emniyetlidir.<\/p>\n\n\n\n<p>D\u00fc\u011f\u00fcm ve ba\u011flar izcilikte \u00e7ok kullan\u0131lan el becerileri aras\u0131nda yer al\u0131r. Uygulamalarda, kamplarda, oyunlarda ve tesis yap\u0131mlar\u0131nda bu d\u00fc\u011f\u00fcmlerden ve ba\u011flardan yararlan\u0131l\u0131r. Bu d\u00fc\u011f\u00fcmlerin \u00f6zellikleri \u015funlard\u0131r:<\/p>\n\n\n\n<ol type=\"1\"><li>Kolay ve pratik ba\u011flan\u0131r ve \u00e7\u00f6z\u00fcl\u00fcr.<\/li><li>Emniyetlidir.<\/li><li>Kendili\u011finden de\u011fil, istenildi\u011finde \u00e7\u00f6z\u00fcl\u00fcr.<\/li><li>Zamandan tasarruf sa\u011flar.<\/li><\/ol>\n\n\n\n<p>D\u00fc\u011f\u00fcm \u00f6\u011frenirken veya \u00f6\u011fretirken dikkat edilecek ilk nokta ipin d\u00fc\u011f\u00fcm atmaya elveri\u015fli olmas\u0131d\u0131r. Bunun yani s\u0131ra \u00f6\u011freten kimsenin d\u00fc\u011f\u00fcmleri iyi bilmesi gerekir. Yine d\u00fc\u011f\u00fcm \u00f6\u011fretirken \u00f6\u011fretici \u00f6\u011frenenin yan\u0131nda durmal\u0131 ve d\u00fc\u011f\u00fcm\u00fc o \u015fekilde g\u00f6stermelidir. \u0130yice \u00f6\u011frenilen d\u00fc\u011f\u00fcmler bir\u00e7ok kez \u00fcst \u00fcste yap\u0131lmal\u0131, her sefer bir \u00f6ncekinden daha \u00e7abuk yap\u0131lmaya \u00e7al\u0131\u015f\u0131lmal\u0131d\u0131r. \u0130yice \u00f6\u011frendikten sonra g\u00f6zler ba\u011flanarak uygulama yapmakta yarar vard\u0131r.<\/p>\n","protected":false},"excerpt":{"rendered":"<p>Teknik \u0130z \u0130\u015faretleri Teknik iz i\u015faretlerinin izciler d\u0131\u015f\u0131nda ba\u015fkas\u0131 taraf\u0131ndan g\u00f6r\u00fclmemesi ve anla\u015f\u0131lmamas\u0131 gerekir. Bu i\u015faretler genlikle arazide kullan\u0131l\u0131rlar. \u0130z i\u015faretlerinin aras\u0131nda, da\u011f\u0131n\u0131k y\u00fcr\u00fcmekte yarar vard\u0131r. Yar\u0131m ay bi\u00e7iminde y\u00fcr\u00fcmelidir. [&hellip;]<\/p>\n","protected":false},"author":1,"featured_media":0,"parent":0,"menu_order":0,"comment_status":"open","ping_status":"open","template":"","meta":[],"_links":{"self":[{"href":"https:\/\/ankaraizcileri.com\/index.php?rest_route=\/wp\/v2\/pages\/84"}],"collection":[{"href":"https:\/\/ankaraizcileri.com\/index.php?rest_route=\/wp\/v2\/pages"}],"about":[{"href":"https:\/\/ankaraizcileri.com\/index.php?rest_route=\/wp\/v2\/types\/page"}],"author":[{"embeddable":true,"href":"https:\/\/ankaraizcileri.com\/index.php?rest_route=\/wp\/v2\/users\/1"}],"replies":[{"embeddable":true,"href":"https:\/\/ankaraizcileri.com\/index.php?rest_route=%2Fwp%2Fv2%2Fcomments&post=84"}],"version-history":[{"count":4,"href":"https:\/\/ankaraizcileri.com\/index.php?rest_route=\/wp\/v2\/pages\/84\/revisions"}],"predecessor-version":[{"id":2452,"href":"https:\/\/ankaraizcileri.com\/index.php?rest_route=\/wp\/v2\/pages\/84\/revisions\/2452"}],"wp:attachment":[{"href":"https:\/\/ankaraizcileri.com\/index.php?rest_route=%2Fwp%2Fv2%2Fmedia&parent=84"}],"curies":[{"name":"wp","href":"https:\/\/api.w.org\/{rel}","templated":true}]}}