{"id":51,"date":"2014-06-20T18:18:20","date_gmt":"2014-06-20T18:18:20","guid":{"rendered":"http:\/\/ankaraizcileri.com\/?page_id=51"},"modified":"2022-02-08T07:17:18","modified_gmt":"2022-02-08T07:17:18","slug":"iletisim-2","status":"publish","type":"page","link":"https:\/\/ankaraizcileri.com\/?page_id=51","title":{"rendered":"\u0130leti\u015fim"},"content":{"rendered":"<p>[wpgmza id=&#8221;1&#8243;]<\/p>\n<p><span style=\"color: #141823;\">Adres:<\/span><\/p>\n<p><span style=\"color: #141823;\">Tuna Caddesi. I\u015f\u0131k apartman\u0131 No: 24 \/ 11<\/span><\/p>\n<p><span style=\"color: #141823;\">Yeni\u015fehir \u00c7ankaya\/Ankara<\/span><\/p>\n","protected":false},"excerpt":{"rendered":"<p>[wpgmza id=&#8221;1&#8243;] Adres: Tuna Caddesi. I\u015f\u0131k apartman\u0131 No: 24 \/ 11 Yeni\u015fehir \u00c7ankaya\/Ankara<\/p>\n","protected":false},"author":1,"featured_media":0,"parent":0,"menu_order":0,"comment_status":"open","ping_status":"open","template":"","meta":[],"_links":{"self":[{"href":"https:\/\/ankaraizcileri.com\/index.php?rest_route=\/wp\/v2\/pages\/51"}],"collection":[{"href":"https:\/\/ankaraizcileri.com\/index.php?rest_route=\/wp\/v2\/pages"}],"about":[{"href":"https:\/\/ankaraizcileri.com\/index.php?rest_route=\/wp\/v2\/types\/page"}],"author":[{"embeddable":true,"href":"https:\/\/ankaraizcileri.com\/index.php?rest_route=\/wp\/v2\/users\/1"}],"replies":[{"embeddable":true,"href":"https:\/\/ankaraizcileri.com\/index.php?rest_route=%2Fwp%2Fv2%2Fcomments&post=51"}],"version-history":[{"count":11,"href":"https:\/\/ankaraizcileri.com\/index.php?rest_route=\/wp\/v2\/pages\/51\/revisions"}],"predecessor-version":[{"id":2278,"href":"https:\/\/ankaraizcileri.com\/index.php?rest_route=\/wp\/v2\/pages\/51\/revisions\/2278"}],"wp:attachment":[{"href":"https:\/\/ankaraizcileri.com\/index.php?rest_route=%2Fwp%2Fv2%2Fmedia&parent=51"}],"curies":[{"name":"wp","href":"https:\/\/api.w.org\/{rel}","templated":true}]}}