{"id":381,"date":"2014-09-08T15:26:12","date_gmt":"2014-09-08T15:26:12","guid":{"rendered":"http:\/\/ankaraizcileri.com\/?page_id=381"},"modified":"2018-12-16T16:39:43","modified_gmt":"2018-12-16T16:39:43","slug":"izcilik-birimi","status":"publish","type":"page","link":"https:\/\/ankaraizcileri.com\/?page_id=381","title":{"rendered":"\u0130zcilik E\u011fitim Birimi"},"content":{"rendered":"<pre><span style=\"color: #0000ff;\">                                                            Dernek \u00d6nderi\r\n                                                          <\/span><\/pre>\n<p>&nbsp;<\/p>\n<ul>\n<li>\n<pre><span style=\"color: #993300;\">Erkek Ergin \u0130zci \u00d6nderi    Mehmet Ya\u015far YUMAK<\/span><\/pre>\n<\/li>\n<\/ul>\n<ul>\n<li>\n<pre><span style=\"color: #993300;\">K\u0131z Ergin \u0130zci \u00d6nderi     <\/span><\/pre>\n<\/li>\n<\/ul>\n<ul>\n<li>\n<pre><span style=\"color: #33cccc;\">K\u0131z \u0130zci \u00d6nderi T\u00fclin \u00dcLGEN<\/span><\/pre>\n<\/li>\n<\/ul>\n<ul>\n<li>\n<pre><span style=\"color: #33cccc;\">Erkek izci \u00d6nderi  \u00d6zer BA\u015e<\/span><\/pre>\n<\/li>\n<\/ul>\n<ul>\n<li>\n<pre><span style=\"color: #ff6600;\">K\u00fc\u00e7\u00fck \u0130zci \u00d6nderi Ruhaniye ALTINKAYNAK<\/span><\/pre>\n<\/li>\n<\/ul>\n<ul>\n<li>\n<pre><span style=\"color: #ff0000;\"><em><strong>L\u0130DER E\u011e\u0130T\u0130MC\u0130LER\u0130<\/strong><\/em><\/span><\/pre>\n<\/li>\n<\/ul>\n<ul>\n<li>\n<pre><span style=\"color: #008000;\">\u00a04 Tahta \u0130\u015faretli<\/span><\/pre>\n<\/li>\n<\/ul>\n<pre>1. Duran YUDUNG\u00dcZEL\u0130<\/pre>\n<pre>2. Bedia SA\u011eCAN<\/pre>\n<pre>3.. Murat DEM\u0130REZEN<\/pre>\n<pre>4. Aslan KAYA<\/pre>\n<pre>5. \u00c7i\u011fdem Y\u00dcCE\r\n\r\n<\/pre>\n<ul>\n<li>\n<pre><span style=\"color: #339966;\"><em><strong>3 Tahta \u0130\u015faretli\u00a0<\/strong><\/em><\/span><\/pre>\n<\/li>\n<\/ul>\n<pre>1.Sami \u00dcNER<\/pre>\n<pre>2.Nevzat BA\u015eAR<\/pre>\n<pre>2.G\u00fclay YILDIRIM<\/pre>\n<ul>\n<li>\n<pre><span style=\"color: #339966;\"><em><strong>2 Tahta \u0130\u015faretli<\/strong><\/em><\/span><\/pre>\n<\/li>\n<\/ul>\n<pre>1. Zeynep SARIKAVAK<\/pre>\n<pre>2. Yusuf KOZAN<\/pre>\n<pre>3. \u0130brahim KUTLU<\/pre>\n<pre>4. \u0130smet Y\u00fcksel DO\u011eAN<\/pre>\n<pre>5. Yahya YILDIRIM<\/pre>\n<pre>6. Levent D\u00d6NMEZ<\/pre>\n<pre>7. Selami BALCI<\/pre>\n<pre>8. Bora KASAPO\u011eLU<\/pre>\n<pre>9. Naran BA\u015e<\/pre>\n<pre><\/pre>\n","protected":false},"excerpt":{"rendered":"<p>Dernek \u00d6nderi &nbsp; Erkek Ergin \u0130zci \u00d6nderi Mehmet Ya\u015far YUMAK K\u0131z Ergin \u0130zci \u00d6nderi K\u0131z \u0130zci \u00d6nderi T\u00fclin \u00dcLGEN Erkek izci \u00d6nderi \u00d6zer BA\u015e K\u00fc\u00e7\u00fck \u0130zci \u00d6nderi Ruhaniye ALTINKAYNAK L\u0130DER [&hellip;]<\/p>\n","protected":false},"author":1,"featured_media":0,"parent":0,"menu_order":0,"comment_status":"open","ping_status":"open","template":"","meta":[],"_links":{"self":[{"href":"https:\/\/ankaraizcileri.com\/index.php?rest_route=\/wp\/v2\/pages\/381"}],"collection":[{"href":"https:\/\/ankaraizcileri.com\/index.php?rest_route=\/wp\/v2\/pages"}],"about":[{"href":"https:\/\/ankaraizcileri.com\/index.php?rest_route=\/wp\/v2\/types\/page"}],"author":[{"embeddable":true,"href":"https:\/\/ankaraizcileri.com\/index.php?rest_route=\/wp\/v2\/users\/1"}],"replies":[{"embeddable":true,"href":"https:\/\/ankaraizcileri.com\/index.php?rest_route=%2Fwp%2Fv2%2Fcomments&post=381"}],"version-history":[{"count":20,"href":"https:\/\/ankaraizcileri.com\/index.php?rest_route=\/wp\/v2\/pages\/381\/revisions"}],"predecessor-version":[{"id":1987,"href":"https:\/\/ankaraizcileri.com\/index.php?rest_route=\/wp\/v2\/pages\/381\/revisions\/1987"}],"wp:attachment":[{"href":"https:\/\/ankaraizcileri.com\/index.php?rest_route=%2Fwp%2Fv2%2Fmedia&parent=381"}],"curies":[{"name":"wp","href":"https:\/\/api.w.org\/{rel}","templated":true}]}}