{"id":2442,"date":"2022-03-23T09:01:04","date_gmt":"2022-03-23T09:01:04","guid":{"rendered":"https:\/\/ankaraizcileri.com\/?page_id=2442"},"modified":"2023-01-30T09:18:33","modified_gmt":"2023-01-30T09:18:33","slug":"dernek-egitim-birimleri","status":"publish","type":"page","link":"https:\/\/ankaraizcileri.com\/?page_id=2442","title":{"rendered":"Dernek E\u011fitim Birimleri"},"content":{"rendered":"\n<figure class=\"wp-block-table is-style-stripes\"><table class=\"has-electric-grass-gradient-background has-background has-fixed-layout\"><tbody><tr><td>\u0130zcilik<\/td><td>\u0130brahim KUTLU<\/td><\/tr><tr><td>Alan \u00d6nderi<\/td><td>Nesrin \u00c7ETE<\/td><\/tr><tr><td>Ergen\u00e7 \u0130zci \u00d6nderi<\/td><td>\u0130lyas DO\u011eAN\u00c7AY<\/td><\/tr><tr><td>Ergin \u0130zci \u00d6nderi<\/td><td>Gamze KES\u0130KBA\u015e<\/td><\/tr><tr><td>\u0130zci \u00d6nderi<\/td><td>H\u00fclya BEKARO\u011eLU<\/td><\/tr><tr><td>K\u00fc\u00e7\u00fck \u0130zci \u00d6nderi<\/td><td>\u00d6mer AKMAN &#8211; Dilek \u00dcNAL<\/td><\/tr><tr><td>Gen\u00e7lik E\u011fitimi \u00d6nderi<\/td><td>Hafize KELE\u015e<\/td><\/tr><tr><td>Yeti\u015fkin E\u011fitim \u00d6nderi<\/td><td>Mehmet \u00d6KS\u00dcZ<\/td><\/tr><tr><td>Do\u011fa Sporlar\u0131 ve Y\u00fcr\u00fcy\u00fc\u015f \u00d6nderi<\/td><td>Servet \u00dcNAL<\/td><\/tr><tr><td><\/td><td><\/td><\/tr><\/tbody><\/table><\/figure>\n","protected":false},"excerpt":{"rendered":"<p>\u0130zcilik \u0130brahim KUTLU Alan \u00d6nderi Nesrin \u00c7ETE Ergen\u00e7 \u0130zci \u00d6nderi \u0130lyas DO\u011eAN\u00c7AY Ergin \u0130zci \u00d6nderi Gamze KES\u0130KBA\u015e \u0130zci \u00d6nderi H\u00fclya BEKARO\u011eLU K\u00fc\u00e7\u00fck \u0130zci \u00d6nderi \u00d6mer AKMAN &#8211; Dilek \u00dcNAL Gen\u00e7lik [&hellip;]<\/p>\n","protected":false},"author":1,"featured_media":0,"parent":0,"menu_order":0,"comment_status":"closed","ping_status":"closed","template":"","meta":[],"_links":{"self":[{"href":"https:\/\/ankaraizcileri.com\/index.php?rest_route=\/wp\/v2\/pages\/2442"}],"collection":[{"href":"https:\/\/ankaraizcileri.com\/index.php?rest_route=\/wp\/v2\/pages"}],"about":[{"href":"https:\/\/ankaraizcileri.com\/index.php?rest_route=\/wp\/v2\/types\/page"}],"author":[{"embeddable":true,"href":"https:\/\/ankaraizcileri.com\/index.php?rest_route=\/wp\/v2\/users\/1"}],"replies":[{"embeddable":true,"href":"https:\/\/ankaraizcileri.com\/index.php?rest_route=%2Fwp%2Fv2%2Fcomments&post=2442"}],"version-history":[{"count":3,"href":"https:\/\/ankaraizcileri.com\/index.php?rest_route=\/wp\/v2\/pages\/2442\/revisions"}],"predecessor-version":[{"id":2628,"href":"https:\/\/ankaraizcileri.com\/index.php?rest_route=\/wp\/v2\/pages\/2442\/revisions\/2628"}],"wp:attachment":[{"href":"https:\/\/ankaraizcileri.com\/index.php?rest_route=%2Fwp%2Fv2%2Fmedia&parent=2442"}],"curies":[{"name":"wp","href":"https:\/\/api.w.org\/{rel}","templated":true}]}}