{"id":2324,"date":"2022-02-17T08:20:01","date_gmt":"2022-02-17T08:20:01","guid":{"rendered":"http:\/\/ankaraizcileri.com\/?page_id=2324"},"modified":"2022-02-26T08:05:00","modified_gmt":"2022-02-26T08:05:00","slug":"tegider-yonetim-kurulu","status":"publish","type":"page","link":"https:\/\/ankaraizcileri.com\/?page_id=2324","title":{"rendered":"Tegider Y\u00f6netim Kurulu"},"content":{"rendered":"\n<figure class=\"wp-block-table\"><table class=\"has-vivid-cyan-blue-color has-text-color has-background\" style=\"background:linear-gradient(135deg,rgb(244,232,240) 0%,rgb(152,150,240) 100%)\"><tbody><tr><td class=\"has-text-align-left\" data-align=\"left\">T\u00fclin \u00dcLGEN<\/td><td><strong>Y\u00f6netim Kurulu Ba\u015fkan\u0131<\/strong><\/td><\/tr><tr><td class=\"has-text-align-left\" data-align=\"left\">\u00d6zlem DEM\u0130RHAN<\/td><td><strong>Genel Sekreter<\/strong>&nbsp;&nbsp;<\/td><\/tr><tr><td class=\"has-text-align-left\" data-align=\"left\">Bet\u00fcl D\u00d6NMEZ<\/td><td><strong>Mali \u0130\u015fler Sekreteri<\/strong><\/td><\/tr><tr><td class=\"has-text-align-left\" data-align=\"left\"><\/td><td><strong>E\u011fitim ve \u00d6rg\u00fctlenme Sekreteri<\/strong><\/td><\/tr><tr><td class=\"has-text-align-left\" data-align=\"left\"><\/td><td><strong>Medya ve Halkla \u0130li\u015fkiler Sekreteri<\/strong><\/td><\/tr><tr><td class=\"has-text-align-left\" data-align=\"left\"><\/td><td><strong>Sosyal ve K\u00fclt\u00fcrel Etkinlikler sekreteri<\/strong><\/td><\/tr><tr><td class=\"has-text-align-left\" data-align=\"left\"><\/td><td><strong>Tesisler ve Ta\u015f\u0131n\u0131rlar Sekreteri<\/strong><\/td><\/tr><\/tbody><\/table><\/figure>\n\n\n\n<p><\/p>\n","protected":false},"excerpt":{"rendered":"<p>T\u00fclin \u00dcLGEN Y\u00f6netim Kurulu Ba\u015fkan\u0131 \u00d6zlem DEM\u0130RHAN Genel Sekreter&nbsp;&nbsp; Bet\u00fcl D\u00d6NMEZ Mali \u0130\u015fler Sekreteri E\u011fitim ve \u00d6rg\u00fctlenme Sekreteri Medya ve Halkla \u0130li\u015fkiler Sekreteri Sosyal ve K\u00fclt\u00fcrel Etkinlikler sekreteri Tesisler ve [&hellip;]<\/p>\n","protected":false},"author":1,"featured_media":0,"parent":0,"menu_order":0,"comment_status":"closed","ping_status":"closed","template":"","meta":[],"_links":{"self":[{"href":"https:\/\/ankaraizcileri.com\/index.php?rest_route=\/wp\/v2\/pages\/2324"}],"collection":[{"href":"https:\/\/ankaraizcileri.com\/index.php?rest_route=\/wp\/v2\/pages"}],"about":[{"href":"https:\/\/ankaraizcileri.com\/index.php?rest_route=\/wp\/v2\/types\/page"}],"author":[{"embeddable":true,"href":"https:\/\/ankaraizcileri.com\/index.php?rest_route=\/wp\/v2\/users\/1"}],"replies":[{"embeddable":true,"href":"https:\/\/ankaraizcileri.com\/index.php?rest_route=%2Fwp%2Fv2%2Fcomments&post=2324"}],"version-history":[{"count":5,"href":"https:\/\/ankaraizcileri.com\/index.php?rest_route=\/wp\/v2\/pages\/2324\/revisions"}],"predecessor-version":[{"id":2426,"href":"https:\/\/ankaraizcileri.com\/index.php?rest_route=\/wp\/v2\/pages\/2324\/revisions\/2426"}],"wp:attachment":[{"href":"https:\/\/ankaraizcileri.com\/index.php?rest_route=%2Fwp%2Fv2%2Fmedia&parent=2324"}],"curies":[{"name":"wp","href":"https:\/\/api.w.org\/{rel}","templated":true}]}}