{"id":2320,"date":"2022-02-17T08:17:14","date_gmt":"2022-02-17T08:17:14","guid":{"rendered":"http:\/\/ankaraizcileri.com\/?page_id=2320"},"modified":"2023-11-11T12:02:17","modified_gmt":"2023-11-11T12:02:17","slug":"tilder-yonetim-kurulu","status":"publish","type":"page","link":"https:\/\/ankaraizcileri.com\/?page_id=2320","title":{"rendered":"Tilder Y\u00f6netim Kurulu"},"content":{"rendered":"\n<figure class=\"wp-block-table\"><table class=\"has-pale-ocean-gradient-background has-background has-fixed-layout\"><tbody><tr><td>Genel Ba\u015fkan<\/td><td>Duran YURDUNG\u00dcZEL\u0130<\/td><\/tr><tr><td>Ba\u015fkan Vekili<\/td><td>Hac\u0131 \u015eAH\u0130N<\/td><\/tr><tr><td>Genel Sekreter<\/td><td>Seyfettin \u00d6ZER<\/td><\/tr><tr><td>Mali Sekreter<\/td><td>Necdet ERG\u00dcN<\/td><\/tr><tr><td>E\u011fitim ve Faaliyetler Sekreteri<\/td><td>T\u00fclin \u00dcLGER<\/td><\/tr><tr><td>\u00d6rg\u00fctlenme ve Hukuk Sekreteri<\/td><td>Servet \u00dcNAL <\/td><\/tr><tr><td>Medya ve D\u0131\u015f \u0130li\u015fkiler Sekreteri<\/td><td>Kadir DEM\u0130RY\u00dcREK<\/td><\/tr><tr><td>Ar-Ge ve Projeler Sekreteri<\/td><td>\u00c7a\u011fla MIDIK<\/td><\/tr><tr><td>Tesisler ve Ta\u015f\u0131n\u0131rlar Sekreteri<\/td><td>\u015eerafettin KARAKAYA<\/td><\/tr><\/tbody><\/table><\/figure>\n","protected":false},"excerpt":{"rendered":"<p>Genel Ba\u015fkan Duran YURDUNG\u00dcZEL\u0130 Ba\u015fkan Vekili Hac\u0131 \u015eAH\u0130N Genel Sekreter Seyfettin \u00d6ZER Mali Sekreter Necdet ERG\u00dcN E\u011fitim ve Faaliyetler Sekreteri T\u00fclin \u00dcLGER \u00d6rg\u00fctlenme ve Hukuk Sekreteri Servet \u00dcNAL Medya ve [&hellip;]<\/p>\n","protected":false},"author":1,"featured_media":0,"parent":0,"menu_order":0,"comment_status":"closed","ping_status":"closed","template":"","meta":[],"_links":{"self":[{"href":"https:\/\/ankaraizcileri.com\/index.php?rest_route=\/wp\/v2\/pages\/2320"}],"collection":[{"href":"https:\/\/ankaraizcileri.com\/index.php?rest_route=\/wp\/v2\/pages"}],"about":[{"href":"https:\/\/ankaraizcileri.com\/index.php?rest_route=\/wp\/v2\/types\/page"}],"author":[{"embeddable":true,"href":"https:\/\/ankaraizcileri.com\/index.php?rest_route=\/wp\/v2\/users\/1"}],"replies":[{"embeddable":true,"href":"https:\/\/ankaraizcileri.com\/index.php?rest_route=%2Fwp%2Fv2%2Fcomments&post=2320"}],"version-history":[{"count":8,"href":"https:\/\/ankaraizcileri.com\/index.php?rest_route=\/wp\/v2\/pages\/2320\/revisions"}],"predecessor-version":[{"id":2764,"href":"https:\/\/ankaraizcileri.com\/index.php?rest_route=\/wp\/v2\/pages\/2320\/revisions\/2764"}],"wp:attachment":[{"href":"https:\/\/ankaraizcileri.com\/index.php?rest_route=%2Fwp%2Fv2%2Fmedia&parent=2320"}],"curies":[{"name":"wp","href":"https:\/\/api.w.org\/{rel}","templated":true}]}}