{"id":133,"date":"2023-01-04T13:59:00","date_gmt":"2023-01-04T13:59:00","guid":{"rendered":"http:\/\/ankaraizcileri.com\/?page_id=133"},"modified":"2023-03-05T09:13:59","modified_gmt":"2023-03-05T09:13:59","slug":"projelerimiz","status":"publish","type":"page","link":"https:\/\/ankaraizcileri.com\/?page_id=133","title":{"rendered":"Tak\u0131m Oyunlar\u0131"},"content":{"rendered":"\n<h2 id=\"takim-oyunlarinin-cocuklara-faydalari-nelerdir\"><strong>TAKIM OYUNLARININ \u00c7OCUKLARA FAYDALARI NELERD\u0130R?<\/strong><\/h2>\n\n\n\n<p>Tak\u0131m oyunlar\u0131; \u00e7ocuklar\u0131n ba\u015fkalar\u0131yla ileti\u015fim kurmalar\u0131na, sosyal becerilerini, \u00f6z g\u00fcvenlerini art\u0131rmalar\u0131na ve daha mutlu yeti\u015fkinler haline gelmelerine yard\u0131mc\u0131 olur&#8230; Hayattaki en \u00f6nemli dersleri, \u00e7ocuklara m\u00fcmk\u00fcn oldu\u011funca erken \u00f6\u011fretmeye ba\u015flamak \u00f6nemlidir. \u00d6\u011frenme becerilerini daha \u00e7ok k\u00fc\u00e7\u00fckken edinen \u00e7ocuklar, ya\u015famlar\u0131 boyunca bu becerilerini \u00e7ok daha rahat kullanabilirler. \u00c7ocuklar\u0131n \u00f6\u011frenebilecekleri en \u00f6nemli ve ya\u015famlar\u0131 boyunca faydalanmaya devam edecekleri becerilerden biri, bir ekibin par\u00e7as\u0131 olarak ba\u015fkalar\u0131yla nas\u0131l \u00e7al\u0131\u015f\u0131laca\u011f\u0131d\u0131r. Tak\u0131m \u00e7al\u0131\u015fmas\u0131 sadece \u00e7ocuklukta de\u011fil, ayn\u0131 zamanda art\u0131k birer yeti\u015fkin olduklar\u0131nda da ba\u015far\u0131l\u0131 olmalar\u0131na yard\u0131mc\u0131 olacak \u00f6nemli bir beceridir. <\/p>\n\n\n\n<p>Tak\u0131m Ruhu, bireysel yeteneklerin do\u011fru ve koordineli \u00e7al\u0131\u015fmas\u0131, tak\u0131m i\u00e7i ileti\u015fimin kesintisiz ve eksiksiz sa\u011flanmas\u0131 halinde ancak ortaya \u00e7\u0131kmaktad\u0131r.<\/p>\n\n\n\n<div class=\"wp-block-image is-style-rounded\"><figure class=\"aligncenter size-full\"><a href=\"http:\/\/ankaraizcileri.com\/wp-content\/uploads\/2023\/02\/Takim5-1.jpg\"><img loading=\"lazy\" width=\"500\" height=\"376\" src=\"http:\/\/ankaraizcileri.com\/wp-content\/uploads\/2023\/02\/Takim5-1.jpg\" alt=\"\" class=\"wp-image-2649\" srcset=\"https:\/\/ankaraizcileri.com\/wp-content\/uploads\/2023\/02\/Takim5-1.jpg 500w, https:\/\/ankaraizcileri.com\/wp-content\/uploads\/2023\/02\/Takim5-1-300x226.jpg 300w, https:\/\/ankaraizcileri.com\/wp-content\/uploads\/2023\/02\/Takim5-1-465x350.jpg 465w\" sizes=\"(max-width: 500px) 100vw, 500px\" \/><\/a><figcaption>Atat\u00fcrk Yazma Oyunu<\/figcaption><\/figure><\/div>\n\n\n\n<p>Tak\u0131m oyunlar\u0131nda yer almaya ba\u015flayan \u00e7ocuklar, bunun faydas\u0131n\u0131 hemen g\u00f6rmeye ba\u015flarlar ve bu beceri, ya\u015famlar\u0131 boyunca onlara yard\u0131mc\u0131 olur. Yani tak\u0131m oyunlar\u0131; \u00e7ocuklar\u0131n ba\u015fkalar\u0131yla ileti\u015fim kurmalar\u0131na, sosyal becerilerini ve \u00f6zg\u00fcvenlerini art\u0131rmalar\u0131na ve daha mutlu yeti\u015fkinler haline gelmelerine yard\u0131mc\u0131 olacakt\u0131r.<\/p>\n\n\n\n<div class=\"wp-block-image\"><figure class=\"aligncenter size-full\"><a href=\"http:\/\/ankaraizcileri.com\/wp-content\/uploads\/2023\/02\/Takim3.jpg\"><img loading=\"lazy\" width=\"500\" height=\"376\" src=\"http:\/\/ankaraizcileri.com\/wp-content\/uploads\/2023\/02\/Takim3.jpg\" alt=\"\" class=\"wp-image-2651\" srcset=\"https:\/\/ankaraizcileri.com\/wp-content\/uploads\/2023\/02\/Takim3.jpg 500w, https:\/\/ankaraizcileri.com\/wp-content\/uploads\/2023\/02\/Takim3-300x226.jpg 300w, https:\/\/ankaraizcileri.com\/wp-content\/uploads\/2023\/02\/Takim3-465x350.jpg 465w\" sizes=\"(max-width: 500px) 100vw, 500px\" \/><\/a><\/figure><\/div>\n\n\n\n<p><strong>Tak\u0131m Ruhu<\/strong>, bireysel yeteneklerin do\u011fru ve koordineli \u00e7al\u0131\u015fmas\u0131, tak\u0131m i\u00e7i ileti\u015fimin kesintisiz ve eksiksiz sa\u011flanmas\u0131 halinde ancak ortaya \u00e7\u0131kmaktad\u0131r. Farkl\u0131 fikirlerin ortaya at\u0131lmas\u0131ndan sonra t\u00fcm ekip bireyleri do\u011fru ve koordineli \u00e7al\u0131\u015fmas\u0131 neticesinde ortak hedefe do\u011fru emin ad\u0131mlarla ilerlemesini sa\u011flayan bu etkinlikler e\u011flence, motivasyon ve yarat\u0131c\u0131l\u0131k ile bulu\u015fuyor.<\/p>\n\n\n\n<div class=\"wp-block-image\"><figure class=\"aligncenter size-full is-resized\"><a href=\"https:\/\/ankaraizcileri.com\/wp-content\/uploads\/2023\/02\/Takim4.jpg\"><img loading=\"lazy\" src=\"https:\/\/ankaraizcileri.com\/wp-content\/uploads\/2023\/02\/Takim4.jpg\" alt=\"\" class=\"wp-image-2653\" width=\"445\" height=\"335\" srcset=\"https:\/\/ankaraizcileri.com\/wp-content\/uploads\/2023\/02\/Takim4.jpg 500w, https:\/\/ankaraizcileri.com\/wp-content\/uploads\/2023\/02\/Takim4-300x226.jpg 300w, https:\/\/ankaraizcileri.com\/wp-content\/uploads\/2023\/02\/Takim4-465x350.jpg 465w\" sizes=\"(max-width: 445px) 100vw, 445px\" \/><\/a><figcaption>Labirent Oyunu<\/figcaption><\/figure><\/div>\n\n\n\n<p>Grup halinde oynanan oyunlar, \u00e7ocuk geli\u015fiminin \u00f6nemli bir par\u00e7as\u0131d\u0131r.  \u00c7ocuklara tak\u0131m \u00e7al\u0131\u015fmas\u0131n\u0131 ve yard\u0131mla\u015fmay\u0131 \u00f6\u011fretir. \u00d6zellikle de utanga\u00e7 ve \u00e7ekingen \u00e7ocuklar\u0131 cesaretlendirip \u00f6zg\u00fcvenlerinin geli\u015fmesini sa\u011flar. Ayr\u0131ca, grupla oynanan oyunlar \u00e7ocuklar\u0131n birbirleri ile sa\u011fl\u0131kl\u0131 bir \u015fekilde ileti\u015fim kurmay\u0131 \u00f6\u011frenmeleri i\u00e7in olduk\u00e7a etkili bir y\u00f6ntemdir. <\/p>\n\n\n\n<p>\u00c7ocuklar bu \u015fekilde sosyal becerilerini geli\u015ftirip kendi ki\u015filiklerini tan\u0131maya ba\u015flarlar.<\/p>\n\n\n\n<p>Tak\u0131m oyunlar\u0131n\u0131n e\u011flenceli olduklar\u0131 kadar e\u011fitici olmalar\u0131n\u0131 da sa\u011flanabilir. \u00c7ocuklar grup olarak oyun oynad\u0131klar\u0131nda payla\u015fmay\u0131, birbirlerine sayg\u0131 duymay\u0131 ve ekip halinde problem \u00e7\u00f6zmeyi \u00f6\u011frenirler. <\/p>\n\n\n\n<div class=\"wp-block-image is-style-rounded\"><figure class=\"aligncenter size-full\"><a href=\"http:\/\/ankaraizcileri.com\/wp-content\/uploads\/2023\/02\/Takim2.jpg\"><img loading=\"lazy\" width=\"500\" height=\"376\" src=\"http:\/\/ankaraizcileri.com\/wp-content\/uploads\/2023\/02\/Takim2.jpg\" alt=\"\" class=\"wp-image-2650\" srcset=\"https:\/\/ankaraizcileri.com\/wp-content\/uploads\/2023\/02\/Takim2.jpg 500w, https:\/\/ankaraizcileri.com\/wp-content\/uploads\/2023\/02\/Takim2-300x226.jpg 300w, https:\/\/ankaraizcileri.com\/wp-content\/uploads\/2023\/02\/Takim2-465x350.jpg 465w\" sizes=\"(max-width: 500px) 100vw, 500px\" \/><\/a><\/figure><\/div>\n\n\n\n<p><strong>Tak\u0131m Sporlar\u0131 \u00e7ocuklar\u0131n geli\u015fimini nas\u0131l etkile<\/strong>r<\/p>\n\n\n\n<ul class=\"has-very-light-gray-to-cyan-bluish-gray-gradient-background has-background\"><li>\u0130yi \u0130li\u015fkiler kurmay\u0131 \u00f6\u011frenir<\/li><li>\u00d6zg\u00fcveni artar <\/li><li>Liderlik yetene\u011fini geli\u015ftirir. <\/li><li>S\u0131k\u0131 \u00e7al\u0131\u015fman\u0131n faydas\u0131n\u0131 \u00f6\u011frenir.<\/li><li>\u0130\u00e7inde ya\u015fad\u0131\u011f\u0131 d\u00fcnyay\u0131 ve \u00e7evresindeki insanlar\u0131 tan\u0131r ve anlar<\/li><li>D\u00fc\u015f\u00fcn\u00fcr ve deneyim kazan\u0131r<\/li><li>Kendi g\u00fcc\u00fcn\u00fcn s\u0131n\u0131rlar\u0131n\u0131 ke\u015ffeder ve deneme f\u0131rsat\u0131n\u0131 bulabilir<\/li><li>Duygular\u0131n\u0131 rahat\u00e7a ifade edebilir.<\/li><li>Endi\u015felerini kontrol alt\u0131na al\u0131r. <\/li><li>\u00c7e\u015fitli fikirler geli\u015ftirmeyi, bunlar\u0131 uygun bir \u015fekilde ifade edebilmeyi \u00f6\u011frenir. Ayr\u0131ca farkl\u0131 fikirlere de sayg\u0131 duymay\u0131 \u00f6\u011frenir<\/li><li>Deneyimlerini geli\u015ftirir ve \u00f6\u011frendiklerini peki\u015ftirir. Ya\u015f\u0131tlar\u0131 ile birlikte olman\u0131n zevkini tadarken, onlarla ge\u00e7inmenin de yollar\u0131n\u0131 ke\u015ffetmeyi \u00f6\u011frenir.<\/li><li>Payla\u015fmay\u0131, arkada\u015flar\u0131n\u0131n isteklerini kabul etmeyi veya onlara kendi isteklerini en kolayl\u0131kla nas\u0131l kabul ettirebilece\u011fini ya\u015fad\u0131\u011f\u0131 \u00e7at\u0131\u015fmalarla \u00f6\u011frenir.<\/li><li>Kendi g\u00fcc\u00fcn\u00fcn s\u0131n\u0131rlar\u0131n\u0131 ke\u015ffeder ve deneme f\u0131rsat\u0131n\u0131 bulabilir.<\/li><\/ul>\n\n\n\n<p><\/p>\n","protected":false},"excerpt":{"rendered":"<p>TAKIM OYUNLARININ \u00c7OCUKLARA FAYDALARI NELERD\u0130R? Tak\u0131m oyunlar\u0131; \u00e7ocuklar\u0131n ba\u015fkalar\u0131yla ileti\u015fim kurmalar\u0131na, sosyal becerilerini, \u00f6z g\u00fcvenlerini art\u0131rmalar\u0131na ve daha mutlu yeti\u015fkinler haline gelmelerine yard\u0131mc\u0131 olur&#8230; Hayattaki en \u00f6nemli dersleri, \u00e7ocuklara m\u00fcmk\u00fcn [&hellip;]<\/p>\n","protected":false},"author":1,"featured_media":0,"parent":0,"menu_order":0,"comment_status":"open","ping_status":"open","template":"","meta":[],"_links":{"self":[{"href":"https:\/\/ankaraizcileri.com\/index.php?rest_route=\/wp\/v2\/pages\/133"}],"collection":[{"href":"https:\/\/ankaraizcileri.com\/index.php?rest_route=\/wp\/v2\/pages"}],"about":[{"href":"https:\/\/ankaraizcileri.com\/index.php?rest_route=\/wp\/v2\/types\/page"}],"author":[{"embeddable":true,"href":"https:\/\/ankaraizcileri.com\/index.php?rest_route=\/wp\/v2\/users\/1"}],"replies":[{"embeddable":true,"href":"https:\/\/ankaraizcileri.com\/index.php?rest_route=%2Fwp%2Fv2%2Fcomments&post=133"}],"version-history":[{"count":9,"href":"https:\/\/ankaraizcileri.com\/index.php?rest_route=\/wp\/v2\/pages\/133\/revisions"}],"predecessor-version":[{"id":2695,"href":"https:\/\/ankaraizcileri.com\/index.php?rest_route=\/wp\/v2\/pages\/133\/revisions\/2695"}],"wp:attachment":[{"href":"https:\/\/ankaraizcileri.com\/index.php?rest_route=%2Fwp%2Fv2%2Fmedia&parent=133"}],"curies":[{"name":"wp","href":"https:\/\/api.w.org\/{rel}","templated":true}]}}