{"id":129,"date":"2014-06-22T16:23:42","date_gmt":"2014-06-22T16:23:42","guid":{"rendered":"http:\/\/ankaraizcileri.com\/?page_id=129"},"modified":"2023-01-31T18:52:57","modified_gmt":"2023-01-31T18:52:57","slug":"duyurular","status":"publish","type":"page","link":"https:\/\/ankaraizcileri.com\/?page_id=129","title":{"rendered":"Duyurular"},"content":{"rendered":"\n<p>De\u011ferli arkada\u015flar,<br>05.02.2023 tarihinde \u00c7aml\u0131dere Avdan Yaylas\u0131 etkinli\u011fimiz var.<br>Zorluk derecesi: Kolay orta aras\u0131, yakla\u015f\u0131k 12km. Mesafe \u015fartlara g\u00f6re de\u011fi\u015fiklik g\u00f6sterebilir.<br>\u0130rtifa 248m.<br>Hava ko\u015fullar\u0131na uygun giyinmenizi \u00f6neririz.<br>Yer yer patikas\u0131z orman i\u00e7i ge\u00e7i\u015flerimiz olacak.<br>\u00d6gle molam\u0131z 45dk. \u00d6\u011fle yeme\u011fimizi yan\u0131m\u0131zda getiriyoruz. Sabah kahvalt\u0131s\u0131 i\u00e7in mola verilmeyecek.<br>Enerji verecek kuruyemi\u015f, \u00e7ay vb. i\u00e7ecekler getirmenizi tavsiye ederiz.<br>Duraklar\u0131m\u0131z: Kurtulu\u015f Park\u0131 Vedat Dalokay, S\u0131hhiye k\u00f6pr\u00fcs\u00fc, Ankamall Kadoil Petrol, Acity, Ali Babacan<br>Hareket saatimiz: 08.00<br>D\u00f6n\u00fc\u015f hareket saatimiz: 17.00<br>Kat\u0131l\u0131m durumunuzu 02 \u015eubat Per\u015fembe g\u00fcn\u00fcne kadar netle\u015ftirin.<br>\u00c7ay ve kavurma ikram\u0131m\u0131z olacakt\u0131r.<\/p>\n\n\n\n<p>\u0130leti\u015fim \u0130\u00e7in: \u00d6zer BA\u015e 0505 605 64 80<\/p>\n\n\n\n\n\n<h2><\/h2>\n","protected":false},"excerpt":{"rendered":"<p>De\u011ferli arkada\u015flar,05.02.2023 tarihinde \u00c7aml\u0131dere Avdan Yaylas\u0131 etkinli\u011fimiz var.Zorluk derecesi: Kolay orta aras\u0131, yakla\u015f\u0131k 12km. Mesafe \u015fartlara g\u00f6re de\u011fi\u015fiklik g\u00f6sterebilir.\u0130rtifa 248m.Hava ko\u015fullar\u0131na uygun giyinmenizi \u00f6neririz.Yer yer patikas\u0131z orman i\u00e7i ge\u00e7i\u015flerimiz olacak.\u00d6gle [&hellip;]<\/p>\n","protected":false},"author":1,"featured_media":0,"parent":0,"menu_order":0,"comment_status":"open","ping_status":"open","template":"","meta":[],"_links":{"self":[{"href":"https:\/\/ankaraizcileri.com\/index.php?rest_route=\/wp\/v2\/pages\/129"}],"collection":[{"href":"https:\/\/ankaraizcileri.com\/index.php?rest_route=\/wp\/v2\/pages"}],"about":[{"href":"https:\/\/ankaraizcileri.com\/index.php?rest_route=\/wp\/v2\/types\/page"}],"author":[{"embeddable":true,"href":"https:\/\/ankaraizcileri.com\/index.php?rest_route=\/wp\/v2\/users\/1"}],"replies":[{"embeddable":true,"href":"https:\/\/ankaraizcileri.com\/index.php?rest_route=%2Fwp%2Fv2%2Fcomments&post=129"}],"version-history":[{"count":21,"href":"https:\/\/ankaraizcileri.com\/index.php?rest_route=\/wp\/v2\/pages\/129\/revisions"}],"predecessor-version":[{"id":2644,"href":"https:\/\/ankaraizcileri.com\/index.php?rest_route=\/wp\/v2\/pages\/129\/revisions\/2644"}],"wp:attachment":[{"href":"https:\/\/ankaraizcileri.com\/index.php?rest_route=%2Fwp%2Fv2%2Fmedia&parent=129"}],"curies":[{"name":"wp","href":"https:\/\/api.w.org\/{rel}","templated":true}]}}