{"id":111,"date":"2014-06-21T16:55:24","date_gmt":"2014-06-21T16:55:24","guid":{"rendered":"http:\/\/ankaraizcileri.com\/?page_id=111"},"modified":"2025-01-30T09:21:20","modified_gmt":"2025-01-30T09:21:20","slug":"denetleme-kurulu","status":"publish","type":"page","link":"https:\/\/ankaraizcileri.com\/?page_id=111","title":{"rendered":"Denetleme Kurulu"},"content":{"rendered":"<pre><strong><em>Denetleme Kurulu \u00dcyeleri<\/em><\/strong><\/pre>\n<h5>M.Ya\u015far YUMAK<\/h5>\n<h5>Dursun \u00c7AKIR<\/h5>\n<h5>\u0130brahim KUTLU<\/h5>\n\n\n<p><\/p>\n","protected":false},"excerpt":{"rendered":"<p>Denetleme Kurulu \u00dcyeleri M.Ya\u015far YUMAK Dursun \u00c7AKIR \u0130brahim KUTLU<\/p>\n","protected":false},"author":1,"featured_media":0,"parent":0,"menu_order":0,"comment_status":"open","ping_status":"open","template":"","meta":[],"_links":{"self":[{"href":"https:\/\/ankaraizcileri.com\/index.php?rest_route=\/wp\/v2\/pages\/111"}],"collection":[{"href":"https:\/\/ankaraizcileri.com\/index.php?rest_route=\/wp\/v2\/pages"}],"about":[{"href":"https:\/\/ankaraizcileri.com\/index.php?rest_route=\/wp\/v2\/types\/page"}],"author":[{"embeddable":true,"href":"https:\/\/ankaraizcileri.com\/index.php?rest_route=\/wp\/v2\/users\/1"}],"replies":[{"embeddable":true,"href":"https:\/\/ankaraizcileri.com\/index.php?rest_route=%2Fwp%2Fv2%2Fcomments&post=111"}],"version-history":[{"count":4,"href":"https:\/\/ankaraizcileri.com\/index.php?rest_route=\/wp\/v2\/pages\/111\/revisions"}],"predecessor-version":[{"id":2773,"href":"https:\/\/ankaraizcileri.com\/index.php?rest_route=\/wp\/v2\/pages\/111\/revisions\/2773"}],"wp:attachment":[{"href":"https:\/\/ankaraizcileri.com\/index.php?rest_route=%2Fwp%2Fv2%2Fmedia&parent=111"}],"curies":[{"name":"wp","href":"https:\/\/api.w.org\/{rel}","templated":true}]}}